{"id":2230,"date":"2023-07-03T16:58:15","date_gmt":"2023-07-03T14:58:15","guid":{"rendered":"https:\/\/ristorante.promoservicebeta.com\/?page_id=2230"},"modified":"2026-04-01T14:08:53","modified_gmt":"2026-04-01T12:08:53","slug":"contatti","status":"publish","type":"page","link":"https:\/\/duchimaris.it\/it\/contatti\/","title":{"rendered":"Contatti"},"content":{"rendered":"<div  class=\"grids-section grids-is-advanced\" style=\"--_gs-gap-desktop:0px 0px;--_gs-m-desktop:0 0 0 0;--_gs-p-desktop:0 0 0 0;--_gs-bg-desktop:transparent none;--_gs-bg-xp-desktop:0px;--_gs-zi-desktop:auto;--_gs-d-desktop:block;--_gs-mw-desktop:calc(100% - 0 - 0);--_gs-gap-tablet:0px 0px;--_gs-m-tablet:0 0 0 0;--_gs-p-tablet:0 0 0 0;--_gs-bg-tablet:transparent none;--_gs-bg-xp-tablet:0px;--_gs-zi-tablet:auto;--_gs-d-tablet:block;--_gs-mw-tablet:calc(100% - 0 - 0);--_gs-gap-mobile:0px 0px;--_gs-m-mobile:0 0 0 0;--_gs-p-mobile:0 0 0 0;--_gs-bg-mobile:transparent none;--_gs-bg-xp-mobile:0px;--_gs-zi-mobile:auto;--_gs-d-mobile:block;--_gs-mw-mobile:calc(100% - 0 - 0);--_gs-columns:12;--_gs-rows:6\"><div class=\"grids-s-w_i\">\n<div class=\"grids-area\" style=\"--_ga-column:1\/13;--_ga-row:1\/3;--_ga-m-desktop:0 0 0 0;--_ga-p-desktop:0 0 0 0;--_ga-bg-desktop:transparent none;--_ga-zi-desktop:auto;--_ga-d-desktop:flex;--_ga-mw-desktop:calc(100% - 0 - 0);--_ga-m-tablet:0 0 0 0;--_ga-p-tablet:0 0 0 0;--_ga-bg-tablet:transparent none;--_ga-zi-tablet:auto;--_ga-d-tablet:flex;--_ga-mw-tablet:calc(100% - 0 - 0);--_ga-m-mobile:0 0 0 0;--_ga-p-mobile:0 0 0 0;--_ga-bg-mobile:transparent none;--_ga-zi-mobile:auto;--_ga-d-mobile:flex;--_ga-mw-mobile:calc(100% - 0 - 0)\">\n\n<h2 class=\"wp-block-heading alignfull has-text-align-center\">I nostri contatti<\/h2>\n\n<\/div>\n<\/div><\/div>\n\n<div  id=\"servizi\" class=\"grids-section contacts-row grids-is-advanced alignwide\" style=\"--_gs-gap-desktop:0px 0px;--_gs-m-desktop:-50px 0 -50px 0;--_gs-p-desktop:0px 0 0px 0;--_gs-bg-desktop:transparent none;--_gs-bg-xp-desktop:0px;--_gs-zi-desktop:auto;--_gs-d-desktop:block;--_gs-mw-desktop:calc(100% - 0 - 0);--_gs-gap-tablet:0px 0px;--_gs-m-tablet:-50px 0 -50px 0;--_gs-p-tablet:0px 0 0px 0;--_gs-bg-tablet:transparent none;--_gs-bg-xp-tablet:0px;--_gs-zi-tablet:auto;--_gs-d-tablet:block;--_gs-mw-tablet:calc(100% - 0 - 0);--_gs-gap-mobile:0px 0px;--_gs-m-mobile:-50px 0 -50px 0;--_gs-p-mobile:0px 0 0px 0;--_gs-bg-mobile:transparent none;--_gs-bg-xp-mobile:0px;--_gs-zi-mobile:auto;--_gs-d-mobile:block;--_gs-mw-mobile:calc(100% - 0 - 0);--_gs-columns:12;--_gs-rows:6\"><div class=\"grids-s-w_i\">\n<div class=\"grids-area\" style=\"--_ga-column:5\/9;--_ga-row:1\/3;--_ga-m-desktop:0 0 0 0;--_ga-p-desktop:0 0 0 0;--_ga-bg-desktop:#f5f5f5 none;--_ga-zi-desktop:auto;--_ga-d-desktop:flex;--_ga-mw-desktop:calc(100% - 0 - 0);--_ga-m-tablet:0 0 0 0;--_ga-p-tablet:0 0 0 0;--_ga-bg-tablet:#f5f5f5 none;--_ga-zi-tablet:auto;--_ga-d-tablet:flex;--_ga-mw-tablet:calc(100% - 0 - 0);--_ga-m-mobile:0 0 0 0;--_ga-p-mobile:0 0 0 0;--_ga-bg-mobile:#f5f5f5 none;--_ga-zi-mobile:auto;--_ga-d-mobile:flex;--_ga-mw-mobile:calc(100% - 0 - 0)\">\n\n<p class=\"has-text-align-center\"><strong>Dove ci trovi:<\/strong><br>Localit\u00e0 Sistiana, 232, Sistiana 34011<\/p>\n\n\n\n<p class=\"has-text-align-center\"><strong>Orario di apertura<\/strong>:<br>Da mercoled\u00ec a domenica dalle 12 alle 23<br>Marted\u00ec dalle 19 alle 23<br>Luned\u00ec chiuso<\/p>\n\n\n\n<p class=\"has-text-align-center\"><strong>Prenotazioni:<\/strong><br><a href=\"tel:+39040660606\" target=\"_blank\" rel=\"noreferrer noopener\">+39 040 2490040<\/a><br><a href=\"mailto:maris@duchidaosta.com\"><a href=\"mailto:maris@duchidaosta.com\" target=\"_blank\" rel=\"noreferrer noopener\">maris@duchidaosta.com<\/a>\u00a0<\/a><\/p>\n\n<\/div>\n<\/div><\/div>\n\n<div class=\"wp-block-image logo-contatti\">\n<figure class=\"aligncenter size-large is-resized\"><img loading=\"lazy\" decoding=\"async\" width=\"1024\" height=\"277\" src=\"https:\/\/duchimaris.it\/wp-content\/uploads\/2025\/08\/d667b1de-a7f0-4f1f-8b1a-3789d379eb8b-1024x277.png\" alt=\"\" class=\"wp-image-9314\" style=\"width:484px;height:auto\" srcset=\"https:\/\/duchimaris.it\/wp-content\/uploads\/2025\/08\/d667b1de-a7f0-4f1f-8b1a-3789d379eb8b-1024x277.png 1024w, https:\/\/duchimaris.it\/wp-content\/uploads\/2025\/08\/d667b1de-a7f0-4f1f-8b1a-3789d379eb8b-300x81.png 300w, https:\/\/duchimaris.it\/wp-content\/uploads\/2025\/08\/d667b1de-a7f0-4f1f-8b1a-3789d379eb8b-768x208.png 768w, https:\/\/duchimaris.it\/wp-content\/uploads\/2025\/08\/d667b1de-a7f0-4f1f-8b1a-3789d379eb8b-1536x416.png 1536w, https:\/\/duchimaris.it\/wp-content\/uploads\/2025\/08\/d667b1de-a7f0-4f1f-8b1a-3789d379eb8b-2048x554.png 2048w, https:\/\/duchimaris.it\/wp-content\/uploads\/2025\/08\/d667b1de-a7f0-4f1f-8b1a-3789d379eb8b-1568x424.png 1568w, https:\/\/duchimaris.it\/wp-content\/uploads\/2025\/08\/d667b1de-a7f0-4f1f-8b1a-3789d379eb8b-500x135.png 500w, https:\/\/duchimaris.it\/wp-content\/uploads\/2025\/08\/d667b1de-a7f0-4f1f-8b1a-3789d379eb8b-800x216.png 800w, https:\/\/duchimaris.it\/wp-content\/uploads\/2025\/08\/d667b1de-a7f0-4f1f-8b1a-3789d379eb8b-1280x346.png 1280w, https:\/\/duchimaris.it\/wp-content\/uploads\/2025\/08\/d667b1de-a7f0-4f1f-8b1a-3789d379eb8b-1920x519.png 1920w\" sizes=\"auto, (max-width: 1024px) 100vw, 1024px\" \/><\/figure><\/div>","protected":false},"excerpt":{"rendered":"","protected":false},"author":1,"featured_media":9311,"parent":0,"menu_order":0,"comment_status":"closed","ping_status":"closed","template":"","meta":{"_acf_changed":false,"advgb_blocks_editor_width":"","advgb_blocks_columns_visual_guide":"","footnotes":""},"class_list":["post-2230","page","type-page","status-publish","has-post-thumbnail","hentry","entry"],"acf":[],"yoast_head":"<!-- This site is optimized with the Yoast SEO plugin v26.0 - https:\/\/yoast.com\/wordpress\/plugins\/seo\/ -->\n<title>Contatti Duchi Maris | Prenotazioni e informazioni<\/title>\n<meta name=\"description\" content=\"Contatta Duchi Maris: ristorante vista mare a Trieste. Prenotazioni al +39 040 2490040 o duchimaris@duchidaosta.com. Scopri orari e come raggiungerci.\" \/>\n<meta name=\"robots\" content=\"index, follow, max-snippet:-1, max-image-preview:large, max-video-preview:-1\" \/>\n<link rel=\"canonical\" href=\"https:\/\/duchimaris.it\/it\/contatti\/\" \/>\n<meta property=\"og:locale\" content=\"it_IT\" \/>\n<meta property=\"og:type\" content=\"article\" \/>\n<meta property=\"og:title\" content=\"Contatti Duchi Maris | Prenotazioni e informazioni\" \/>\n<meta property=\"og:description\" content=\"Contatta Duchi Maris: ristorante vista mare a Trieste. Prenotazioni al +39 040 2490040 o duchimaris@duchidaosta.com. Scopri orari e come raggiungerci.\" \/>\n<meta property=\"og:url\" content=\"https:\/\/duchimaris.it\/it\/contatti\/\" \/>\n<meta property=\"og:site_name\" content=\"Duchi Maris\" \/>\n<meta property=\"article:publisher\" content=\"https:\/\/www.facebook.com\/Harrys.Trieste\" \/>\n<meta property=\"article:modified_time\" content=\"2026-04-01T12:08:53+00:00\" \/>\n<meta property=\"og:image\" content=\"https:\/\/duchimaris.it\/wp-content\/uploads\/2025\/08\/DuchiMaris_HeroImage_Contatti.webp\" \/>\n\t<meta property=\"og:image:width\" content=\"1920\" \/>\n\t<meta property=\"og:image:height\" content=\"1280\" \/>\n\t<meta property=\"og:image:type\" content=\"image\/webp\" \/>\n<meta name=\"twitter:card\" content=\"summary_large_image\" \/>\n<meta name=\"twitter:label1\" content=\"Tempo di lettura stimato\" \/>\n\t<meta name=\"twitter:data1\" content=\"1 minuto\" \/>\n<script type=\"application\/ld+json\" class=\"yoast-schema-graph\">{\"@context\":\"https:\/\/schema.org\",\"@graph\":[{\"@type\":\"WebPage\",\"@id\":\"https:\/\/duchimaris.it\/it\/contatti\/\",\"url\":\"https:\/\/duchimaris.it\/it\/contatti\/\",\"name\":\"Contatti Duchi Maris | Prenotazioni e informazioni\",\"isPartOf\":{\"@id\":\"https:\/\/duchimaris.it\/it\/#website\"},\"primaryImageOfPage\":{\"@id\":\"https:\/\/duchimaris.it\/it\/contatti\/#primaryimage\"},\"image\":{\"@id\":\"https:\/\/duchimaris.it\/it\/contatti\/#primaryimage\"},\"thumbnailUrl\":\"https:\/\/duchimaris.it\/wp-content\/uploads\/2025\/08\/DuchiMaris_HeroImage_Contatti.webp\",\"datePublished\":\"2023-07-03T14:58:15+00:00\",\"dateModified\":\"2026-04-01T12:08:53+00:00\",\"description\":\"Contatta Duchi Maris: ristorante vista mare a Trieste. Prenotazioni al +39 040 2490040 o duchimaris@duchidaosta.com. Scopri orari e come raggiungerci.\",\"breadcrumb\":{\"@id\":\"https:\/\/duchimaris.it\/it\/contatti\/#breadcrumb\"},\"inLanguage\":\"it-IT\",\"potentialAction\":[{\"@type\":\"ReadAction\",\"target\":[\"https:\/\/duchimaris.it\/it\/contatti\/\"]}]},{\"@type\":\"ImageObject\",\"inLanguage\":\"it-IT\",\"@id\":\"https:\/\/duchimaris.it\/it\/contatti\/#primaryimage\",\"url\":\"https:\/\/duchimaris.it\/wp-content\/uploads\/2025\/08\/DuchiMaris_HeroImage_Contatti.webp\",\"contentUrl\":\"https:\/\/duchimaris.it\/wp-content\/uploads\/2025\/08\/DuchiMaris_HeroImage_Contatti.webp\",\"width\":1920,\"height\":1280},{\"@type\":\"BreadcrumbList\",\"@id\":\"https:\/\/duchimaris.it\/it\/contatti\/#breadcrumb\",\"itemListElement\":[{\"@type\":\"ListItem\",\"position\":1,\"name\":\"Home\",\"item\":\"https:\/\/duchimaris.it\/it\/\"},{\"@type\":\"ListItem\",\"position\":2,\"name\":\"Contatti\"}]},{\"@type\":\"WebSite\",\"@id\":\"https:\/\/duchimaris.it\/it\/#website\",\"url\":\"https:\/\/duchimaris.it\/it\/\",\"name\":\"Duchi Maris\",\"description\":\"\",\"publisher\":{\"@id\":\"https:\/\/duchimaris.it\/it\/#organization\"},\"potentialAction\":[{\"@type\":\"SearchAction\",\"target\":{\"@type\":\"EntryPoint\",\"urlTemplate\":\"https:\/\/duchimaris.it\/it\/?s={search_term_string}\"},\"query-input\":{\"@type\":\"PropertyValueSpecification\",\"valueRequired\":true,\"valueName\":\"search_term_string\"}}],\"inLanguage\":\"it-IT\"},{\"@type\":\"Organization\",\"@id\":\"https:\/\/duchimaris.it\/it\/#organization\",\"name\":\"Duchi Maris\",\"url\":\"https:\/\/duchimaris.it\/it\/\",\"logo\":{\"@type\":\"ImageObject\",\"inLanguage\":\"it-IT\",\"@id\":\"https:\/\/duchimaris.it\/it\/#\/schema\/logo\/image\/\",\"url\":\"https:\/\/duchimaris.it\/wp-content\/uploads\/2025\/08\/cropped-vettoriale-logo-maris-scaled-1.webp\",\"contentUrl\":\"https:\/\/duchimaris.it\/wp-content\/uploads\/2025\/08\/cropped-vettoriale-logo-maris-scaled-1.webp\",\"width\":2558,\"height\":2071,\"caption\":\"Duchi Maris\"},\"image\":{\"@id\":\"https:\/\/duchimaris.it\/it\/#\/schema\/logo\/image\/\"},\"sameAs\":[\"https:\/\/www.facebook.com\/Harrys.Trieste\"]}]}<\/script>\n<!-- \/ Yoast SEO plugin. -->","yoast_head_json":{"title":"Contatti Duchi Maris | Prenotazioni e informazioni","description":"Contatta Duchi Maris: ristorante vista mare a Trieste. Prenotazioni al +39 040 2490040 o duchimaris@duchidaosta.com. Scopri orari e come raggiungerci.","robots":{"index":"index","follow":"follow","max-snippet":"max-snippet:-1","max-image-preview":"max-image-preview:large","max-video-preview":"max-video-preview:-1"},"canonical":"https:\/\/duchimaris.it\/it\/contatti\/","og_locale":"it_IT","og_type":"article","og_title":"Contatti Duchi Maris | Prenotazioni e informazioni","og_description":"Contatta Duchi Maris: ristorante vista mare a Trieste. Prenotazioni al +39 040 2490040 o duchimaris@duchidaosta.com. Scopri orari e come raggiungerci.","og_url":"https:\/\/duchimaris.it\/it\/contatti\/","og_site_name":"Duchi Maris","article_publisher":"https:\/\/www.facebook.com\/Harrys.Trieste","article_modified_time":"2026-04-01T12:08:53+00:00","og_image":[{"width":1920,"height":1280,"url":"https:\/\/duchimaris.it\/wp-content\/uploads\/2025\/08\/DuchiMaris_HeroImage_Contatti.webp","type":"image\/webp"}],"twitter_card":"summary_large_image","twitter_misc":{"Tempo di lettura stimato":"1 minuto"},"schema":{"@context":"https:\/\/schema.org","@graph":[{"@type":"WebPage","@id":"https:\/\/duchimaris.it\/it\/contatti\/","url":"https:\/\/duchimaris.it\/it\/contatti\/","name":"Contatti Duchi Maris | Prenotazioni e informazioni","isPartOf":{"@id":"https:\/\/duchimaris.it\/it\/#website"},"primaryImageOfPage":{"@id":"https:\/\/duchimaris.it\/it\/contatti\/#primaryimage"},"image":{"@id":"https:\/\/duchimaris.it\/it\/contatti\/#primaryimage"},"thumbnailUrl":"https:\/\/duchimaris.it\/wp-content\/uploads\/2025\/08\/DuchiMaris_HeroImage_Contatti.webp","datePublished":"2023-07-03T14:58:15+00:00","dateModified":"2026-04-01T12:08:53+00:00","description":"Contatta Duchi Maris: ristorante vista mare a Trieste. Prenotazioni al +39 040 2490040 o duchimaris@duchidaosta.com. Scopri orari e come raggiungerci.","breadcrumb":{"@id":"https:\/\/duchimaris.it\/it\/contatti\/#breadcrumb"},"inLanguage":"it-IT","potentialAction":[{"@type":"ReadAction","target":["https:\/\/duchimaris.it\/it\/contatti\/"]}]},{"@type":"ImageObject","inLanguage":"it-IT","@id":"https:\/\/duchimaris.it\/it\/contatti\/#primaryimage","url":"https:\/\/duchimaris.it\/wp-content\/uploads\/2025\/08\/DuchiMaris_HeroImage_Contatti.webp","contentUrl":"https:\/\/duchimaris.it\/wp-content\/uploads\/2025\/08\/DuchiMaris_HeroImage_Contatti.webp","width":1920,"height":1280},{"@type":"BreadcrumbList","@id":"https:\/\/duchimaris.it\/it\/contatti\/#breadcrumb","itemListElement":[{"@type":"ListItem","position":1,"name":"Home","item":"https:\/\/duchimaris.it\/it\/"},{"@type":"ListItem","position":2,"name":"Contatti"}]},{"@type":"WebSite","@id":"https:\/\/duchimaris.it\/it\/#website","url":"https:\/\/duchimaris.it\/it\/","name":"Duchi Maris","description":"","publisher":{"@id":"https:\/\/duchimaris.it\/it\/#organization"},"potentialAction":[{"@type":"SearchAction","target":{"@type":"EntryPoint","urlTemplate":"https:\/\/duchimaris.it\/it\/?s={search_term_string}"},"query-input":{"@type":"PropertyValueSpecification","valueRequired":true,"valueName":"search_term_string"}}],"inLanguage":"it-IT"},{"@type":"Organization","@id":"https:\/\/duchimaris.it\/it\/#organization","name":"Duchi Maris","url":"https:\/\/duchimaris.it\/it\/","logo":{"@type":"ImageObject","inLanguage":"it-IT","@id":"https:\/\/duchimaris.it\/it\/#\/schema\/logo\/image\/","url":"https:\/\/duchimaris.it\/wp-content\/uploads\/2025\/08\/cropped-vettoriale-logo-maris-scaled-1.webp","contentUrl":"https:\/\/duchimaris.it\/wp-content\/uploads\/2025\/08\/cropped-vettoriale-logo-maris-scaled-1.webp","width":2558,"height":2071,"caption":"Duchi Maris"},"image":{"@id":"https:\/\/duchimaris.it\/it\/#\/schema\/logo\/image\/"},"sameAs":["https:\/\/www.facebook.com\/Harrys.Trieste"]}]}},"coauthors":[],"author_meta":{"author_link":"https:\/\/duchimaris.it\/it\/author\/jampaa\/","display_name":"Jampaa"},"relative_dates":{"created":"Pubblicato 3 anni fa","modified":"Aggiornato 4 settimane fa"},"absolute_dates":{"created":"Pubblicato il 03\/07\/2023","modified":"Aggiornato il 01\/04\/2026"},"absolute_dates_time":{"created":"Pubblicato il 03\/07\/2023 16:58","modified":"Aggiornato il 01\/04\/2026 14:08"},"featured_img_caption":"","featured_img":"https:\/\/duchimaris.it\/wp-content\/uploads\/2025\/08\/DuchiMaris_HeroImage_Contatti-1568x1045.webp","series_order":"","_links":{"self":[{"href":"https:\/\/duchimaris.it\/it\/wp-json\/wp\/v2\/pages\/2230","targetHints":{"allow":["GET"]}}],"collection":[{"href":"https:\/\/duchimaris.it\/it\/wp-json\/wp\/v2\/pages"}],"about":[{"href":"https:\/\/duchimaris.it\/it\/wp-json\/wp\/v2\/types\/page"}],"author":[{"embeddable":true,"href":"https:\/\/duchimaris.it\/it\/wp-json\/wp\/v2\/users\/1"}],"replies":[{"embeddable":true,"href":"https:\/\/duchimaris.it\/it\/wp-json\/wp\/v2\/comments?post=2230"}],"version-history":[{"count":86,"href":"https:\/\/duchimaris.it\/it\/wp-json\/wp\/v2\/pages\/2230\/revisions"}],"predecessor-version":[{"id":9974,"href":"https:\/\/duchimaris.it\/it\/wp-json\/wp\/v2\/pages\/2230\/revisions\/9974"}],"wp:featuredmedia":[{"embeddable":true,"href":"https:\/\/duchimaris.it\/it\/wp-json\/wp\/v2\/media\/9311"}],"wp:attachment":[{"href":"https:\/\/duchimaris.it\/it\/wp-json\/wp\/v2\/media?parent=2230"}],"curies":[{"name":"wp","href":"https:\/\/api.w.org\/{rel}","templated":true}]}}